{"id":342,"date":"2025-10-29T16:31:35","date_gmt":"2025-10-29T16:31:35","guid":{"rendered":"https:\/\/philippechardon.eu\/?page_id=342"},"modified":"2025-11-19T18:33:05","modified_gmt":"2025-11-19T18:33:05","slug":"cv","status":"publish","type":"page","link":"https:\/\/philippechardon.eu\/?page_id=342","title":{"rendered":"CV"},"content":{"rendered":"\n<figure class=\"wp-block-image size-full\"><img loading=\"lazy\" decoding=\"async\" width=\"898\" height=\"505\" src=\"http:\/\/philippechardon.eu\/wp-content\/uploads\/2025\/11\/4334143042-1.jpg\" alt=\"\" class=\"wp-image-412\" srcset=\"https:\/\/philippechardon.eu\/wp-content\/uploads\/2025\/11\/4334143042-1.jpg 898w, https:\/\/philippechardon.eu\/wp-content\/uploads\/2025\/11\/4334143042-1-300x169.jpg 300w, https:\/\/philippechardon.eu\/wp-content\/uploads\/2025\/11\/4334143042-1-768x432.jpg 768w, https:\/\/philippechardon.eu\/wp-content\/uploads\/2025\/11\/4334143042-1-855x481.jpg 855w, https:\/\/philippechardon.eu\/wp-content\/uploads\/2025\/11\/4334143042-1-280x157.jpg 280w, https:\/\/philippechardon.eu\/wp-content\/uploads\/2025\/11\/4334143042-1-450x253.jpg 450w, https:\/\/philippechardon.eu\/wp-content\/uploads\/2025\/11\/4334143042-1-630x354.jpg 630w\" sizes=\"auto, (max-width: 898px) 100vw, 898px\" \/><figcaption class=\"wp-element-caption\"><em>Exposition Ch\u00e2teau de Thoix-2014<\/em><\/figcaption><\/figure>\n\n\n\n<p class=\"has-medium-font-size\">N\u00e9 au Puy en Velay (1968), vit \u00e0 Amiens<br>Maison des Artistes\/ ADAGP<br>Siret 502 948 631 00010<\/p>\n\n\n\n<p class=\"has-text-align-left\"><em>Enfant curieux et imaginatif, j\u2019ai grandi dans un petit village des C\u00e9vennes loin de toute repr\u00e9sentations artistiques. La rencontre \u00e0 18 ans avec une \u0153uvre de Poliakof \u00e0 Londres a \u00e9t\u00e9 d\u00e9terminante : j&rsquo;ai ressenti de l&rsquo;int\u00e9rieur son langage. J\u2019ai commenc\u00e9 \u00e0 triturer des n\u00e9gatifs dans un laboratoire photo improvis\u00e9 afin de cr\u00e9er de nouvelles images, inspir\u00e9 les exp\u00e9rimentations des surr\u00e9alistes.<br>Pendant ma maitrise de Droit des Affaires j\u2019ai suivi des cours aux Beaux Arts de Clermont-Ferrand puis de Versailles (section photo-1991). Mais c\u2019est surtout en autodidacte, par des rencontres d\u2019artistes que je construis un langage plastique personnel tout en \u00e9tant enseignant.<\/em><\/p>\n\n\n\n<h2 class=\"wp-block-heading\"><strong>PRINCIPALES EXPOSITIONS<\/strong><\/h2>\n\n\n\n<h2 class=\"wp-block-heading\"><strong> <\/strong>EN FRANCE&#8230;<\/h2>\n\n\n\n<ul class=\"wp-block-list\">\n<li><a href=\"http:\/\/philippechardon.eu\/wp-content\/uploads\/2025\/10\/9258936777.jpg\"><strong>Salon MACParis<\/strong> 201<\/a>8, 2016, 2013, Mac Multim\u00e9diart 2012 et MAC2000 2011<\/li>\n\n\n\n<li><strong><a href=\"http:\/\/philippechardon.eu\/wp-content\/uploads\/2025\/11\/universite_Rouen.pdf\">Universit\u00e9 de Rouen<\/a><\/strong> (2012)<\/li>\n\n\n\n<li><a href=\"http:\/\/philippechardon.eu\/wp-content\/uploads\/2025\/10\/0311500212.jpg\"><strong>Salon Puls\u2019art <\/strong>(Le Mans\/ 2017)<\/a><\/li>\n\n\n\n<li><strong>Unesco<\/strong> \u00ab&nbsp;Si j&rsquo;\u00e9tais magicien\u2026&nbsp;\u00bb (Paris\/ 2008)<\/li>\n\n\n\n<li><strong><a href=\"http:\/\/philippechardon.eu\/wp-content\/uploads\/2025\/11\/4125211843.jpg\">Festival \u00ab&nbsp;Les Photographiques&nbsp;\u00bb<\/a><\/strong> <a href=\"https:\/\/www.photographiques.org\/index.php\/edition-precedente-2019\/22-programmation-2019\/93-philippe-chardon\">(Le Mans\/ 2019)<\/a><\/li>\n\n\n\n<li><strong>Salon ARTCITE<\/strong> (H\u00f4tel de Ville de Fontenay-sous-Bois\/ 2022, 2019)<\/li>\n\n\n\n<li><a href=\"https:\/\/www.art-fresnes94.fr\/Catalogues\/Expo14.pdf\"><strong>Salon de Fresnes<\/strong> <\/a>\u00ab&nbsp;La photographie et ses d\u00e9rives&nbsp;\u00bb (2021)<\/li>\n\n\n\n<li><strong><a href=\"https:\/\/www.mitry-mory.fr\/wp-content\/uploads\/2019\/02\/LAgenda-Mars-2019.pdf\">Salon de Mitry-Mory<\/a><\/strong> \u00ab\u00a0Un pluriel bien singulier\u00a0\u00bb (2019)<\/li>\n\n\n\n<li><strong><a href=\"http:\/\/philippechardon.eu\/wp-content\/uploads\/2025\/11\/saint_cloud.pdf\">Salon \u00ab\u00a0Art et Technologie\u00a0\u00bb<\/a><\/strong> (La Celle Saint Cloud\/ 2017)<\/li>\n\n\n\n<li><strong>Conseil d&rsquo;administration d&rsquo;Engie<\/strong> (2017)<\/li>\n\n\n\n<li><strong>Salon des arts Visuels <\/strong>(Ham\/ 2016)<\/li>\n\n\n\n<li><strong>Hotel Pullmann<\/strong> (Paris Montparnasse\/ 2013)<\/li>\n\n\n\n<li><strong><a href=\"http:\/\/philippechardon.eu\/wp-content\/uploads\/2025\/11\/conservatoire.pdf\">Conservatoire National Sup\u00e9rieur d&rsquo;Art Dramatique de Paris<\/a><\/strong> (2008)<\/li>\n\n\n\n<li><a href=\"http:\/\/philippechardon.eu\/wp-content\/uploads\/2025\/11\/mortemart.pdf\"><strong>Itin\u00e9raires Photographiques en Limousin<\/strong> (Limoges\/ 2015, 2008)<\/a><\/li>\n\n\n\n<li><strong>Salon Balt&rsquo;art Contemporain<\/strong> (Pavillon Baltard, Nogent sur Marne\/ 2013)<\/li>\n\n\n\n<li><strong><a href=\"http:\/\/philippechardon.eu\/wp-content\/uploads\/2025\/11\/galeru.pdf\">LaGaleru<\/a><\/strong>, installation visible jour &amp; nuit (Fontenay\/ Bois\/ 2014)<\/li>\n<\/ul>\n\n\n\n<h2 class=\"wp-block-heading\"><strong>&#8230;<\/strong>A<strong> <\/strong>L&rsquo;ETRANGER<\/h2>\n\n\n\n<ul class=\"wp-block-list\">\n<li><strong>ALLEMAGNE<\/strong> \/ <a href=\"http:\/\/philippechardon.eu\/wp-content\/uploads\/2025\/11\/berlinerlistew.jpg\">Salon Berliner Liste<\/a>, artiste invit\u00e9 (Berlin\/ 2012)<\/li>\n\n\n\n<li>Coll\u00e8ge de Morsbach projet Franco Allemand avec le Coll\u00e8ge E. Lucas\/ 2018<\/li>\n\n\n\n<li><strong>BELGIQUE <\/strong>\/ Affordable Art Fair ( Bruxelles\/ 2015) \/ <a href=\"http:\/\/philippechardon.eu\/wp-content\/uploads\/2025\/10\/CP-CHARDON.jpg\">Maison Kaufmann (Bruxelles\/ 2016)<\/a><\/li>\n\n\n\n<li><strong>ROUMANIE<\/strong> \/ <a href=\"http:\/\/philippechardon.eu\/wp-content\/uploads\/2025\/11\/roum.pdf\">Symposium International de Arta Plastica<\/a> (Slanic Moldova, Roumanie\/ 2004)<\/li>\n\n\n\n<li>Acad\u00e9mie Roumaine (Bucarest\/ 2019)<\/li>\n\n\n\n<li><a href=\"http:\/\/philippechardon.eu\/wp-content\/uploads\/2025\/11\/bacau.pdf\">Galerie des artistes plasticiens<\/a> (Bacau\/ 2004)<\/li>\n\n\n\n<li><strong>PORTUGAL<\/strong> Centre Culturel Roumain (Lisbonne\/ 2016)<\/li>\n\n\n\n<li><strong>ANGLETERRE<\/strong> Challenge the Nail Exhibition (Londres 2002\/2003)<\/li>\n\n\n\n<li><strong>JAPON<\/strong> <a href=\"http:\/\/philippechardon.eu\/wp-content\/uploads\/2025\/11\/hanna_no.pdf\">th\u00e9\u00e2tre Hanna No Michi avec Yan Allegret<\/a> (Tokyo\/ 2008)<\/li>\n\n\n\n<li><a href=\"http:\/\/philippechardon.eu\/wp-content\/uploads\/2025\/11\/sanjoukai.pdf\">Th\u00e9atre Sanjouka\u00ef<\/a> (Tokyo\/ 2008)<\/li>\n<\/ul>\n\n\n\n<h2 class=\"wp-block-heading\">REFERENCES\/ CREATION D&rsquo;UNIVERS VISUELS<\/h2>\n\n\n\n<ul class=\"wp-block-list\">\n<li><strong><a href=\"http:\/\/philippechardon.eu\/wp-content\/uploads\/2025\/11\/salon_mairie_5_2.pdf\">Invit\u00e9 d&rsquo;honneur Salon des Artistes<\/a><\/strong> (Mairie du 5e, Paris\/ 2019)<\/li>\n\n\n\n<li><a href=\"http:\/\/philippechardon.eu\/wp-content\/uploads\/2025\/10\/4005022334.jpg\"><strong>M\u00e9daille d&rsquo;honneur de la Ville de Paris<\/strong> 2019<\/a><\/li>\n\n\n\n<li><strong>Prix Galerie Mondapart <\/strong>(Salon \u00ab&nbsp;Urbain&nbsp;\u00bb, S\u00e8vres\/ 2014)<\/li>\n\n\n\n<li><a href=\"http:\/\/philippechardon.eu\/wp-content\/uploads\/2025\/10\/lettre_a_biroleauw-1.jpg\"><strong>S\u00e9lection Prix Arcimboldo<\/strong> parrainage d&rsquo;A. Biroleau<\/a><\/li>\n\n\n\n<li><strong><a href=\"http:\/\/philippechardon.eu\/wp-content\/uploads\/2025\/11\/conservatoire.pdf\">Collaboration avec le Conservatoire National Sup\u00e9rieur d&rsquo;Art Dramatique de Paris<\/a><\/strong> (2008\/2012)<\/li>\n\n\n\n<li>&#8211; r\u00e9alisation des visuels des catalogues<\/li>\n\n\n\n<li>&#8211; <a href=\"http:\/\/philippechardon.eu\/wp-content\/uploads\/2025\/11\/qq_creations-copie_1.jpg\">r\u00e9alisation de deux toiles photographiques repr\u00e9sentant 100 personnalit\u00e9s c\u00e9l\u00e8bres de l\u2019\u00e9cole<\/a><\/li>\n\n\n\n<li>&#8211; <strong>R\u00e9alisation d\u2019affiches<\/strong> pour Daniel \/William Mesguich, Roland Dubillard, Alfredo Arias,<\/li>\n\n\n\n<li>Albert Jacquard, Hubert Reeves\u2026<\/li>\n\n\n\n<li><strong><a href=\"http:\/\/philippechardon.eu\/wp-content\/uploads\/2025\/11\/qq_creations_4.jpg\">D\u00e9coration du plafond d\u2019un ch\u00e2teau<\/a><\/strong> inspir\u00e9e de la vie des commanditaires<\/li>\n\n\n\n<li><a href=\"http:\/\/philippechardon.eu\/wp-content\/uploads\/2025\/11\/qq_creations_2.jpg\"><strong>Installation au chateau de Rambures<\/strong> <\/a>(aide \u00e0 la cr\u00e9ation R\u00e9gion Picardie)<\/li>\n\n\n\n<li><strong>Affiches :<\/strong> Salon MACParis ( 2016)\/ F\u00eate dans la Ville (Amiens\/ 2011)<\/li>\n\n\n\n<li><strong><a href=\"http:\/\/philippechardon.eu\/wp-content\/uploads\/2025\/11\/revigny.pdf\">La Ligne Maginaire<\/a><\/strong>, dans la ville natale d\u2019Andr\u00e9 Maginot: habillage d\u2019un batiment urbain (commande ville de Revigny\/ Ornains, Meuse\/ 2015)<\/li>\n<\/ul>\n\n\n\n<h2 class=\"wp-block-heading\">REPRESENTATION<\/h2>\n\n\n\n<ul class=\"wp-block-list\">\n<li><strong><a href=\"https:\/\/www.galeriemondapart.com\/artistes-reprsents\">Galerie Mondapart<\/a><\/strong> (Boulogne Billancourt depuis 2016)<\/li>\n\n\n\n<li><strong><a href=\"https:\/\/catalogue.bnf.fr\/ark:\/12148\/cb436444851\">Biblioth\u00e8que Nationale de France<\/a><\/strong> s\u00e9rie Les Pinocchios (2013)<\/li>\n\n\n\n<li><strong>Galerie Bettina Von Arnim<\/strong> (Paris 2013)<\/li>\n\n\n\n<li><strong>Arthkein Gallery<\/strong> &amp; Art Concept Paris 2018<\/li>\n\n\n\n<li><a href=\"http:\/\/metamorphozes-artcontemporain.com\/?page_id=923\"><strong>Galerie Les M\u00e9tamorphoses<\/strong> <\/a>(Valaires)<\/li>\n\n\n\n<li><strong>Mus\u00e9e Tristan Tzara<\/strong> (Moineste, Roumanie)<\/li>\n\n\n\n<li><strong><a href=\"http:\/\/musee-mola.org\/artiste\/chardon\/\">Museum Of Living Art<\/a><\/strong> (MOLA)<\/li>\n\n\n\n<li><strong>Conservatoire National Sup\u00e9rieur d\u2019Art Dramatique<\/strong> (Paris)<\/li>\n\n\n\n<li>Collections particuli\u00e8res<\/li>\n\n\n\n<li><a href=\"https:\/\/fr.artprice.com\/artiste\/489980\/philippe-chardon\">Cotation ArtPrice<\/a> (2014)<\/li>\n<\/ul>\n\n\n\n<h2 class=\"wp-block-heading\">PARTICIPATION A DES COLLECTIFS D&rsquo;ARTISTES<\/h2>\n\n\n\n<ul class=\"wp-block-list\">\n<li>Initiateur des <strong>RDV d&rsquo;Artistes du Haut Allier<\/strong> \/ Ouverture de la Galerie qui pique (2024)<\/li>\n\n\n\n<li><strong>la Briqueterie<\/strong> Participation aux Invitation d&rsquo;Artistes (de 2014 \u00e0 2018)<\/li>\n\n\n\n<li>Initiateur des premi\u00e8res <strong>Rencontres Artistiques Franco-Roumaines de Montreuil<\/strong> (Projet Roumanie-Sibiu 2007)<\/li>\n\n\n\n<li>Membre du collectif <strong>Comme Vous Emoi<\/strong> Participation aux Portes Ouvertes des Ateliers d\u2019Artistes de Montreuil (de 1998 \u00e0 2010)<\/li>\n\n\n\n<li><strong>VOYAGES DANS LES CARPATES<\/strong> avec le photographe\/ cin\u00e9aste Bangladeshi <strong>Anwar Hossain<\/strong> et le sculpteur <strong>Michel B\u00e9rard<\/strong> (2004 et 2008)<\/li>\n<\/ul>\n\n\n\n<h2 class=\"wp-block-heading\">PUBLICATIONS<\/h2>\n\n\n\n<ul class=\"wp-block-list\">\n<li><a href=\"http:\/\/philippechardon.eu\/wp-content\/uploads\/2025\/11\/artension_les_pinocchios.pdf\"><strong>Artension<\/strong> portrait d\u2019Ileana Corn\u00e9a (2014)<\/a><\/li>\n\n\n\n<li><a href=\"http:\/\/philippechardon.eu\/wp-content\/uploads\/2025\/10\/0233511022-1.jpg\"><strong>revue DADA<\/strong> <\/a>(2011&nbsp;\/ surr\u00e9alisme)<\/li>\n\n\n\n<li><strong>Chasseur d&rsquo;images<\/strong> N\u00b0 284<\/li>\n\n\n\n<li><strong>Esprit de Picardie<\/strong>\/ <strong><a href=\"http:\/\/philippechardon.eu\/wp-content\/uploads\/2025\/10\/9855101943.jpg\">Agir en Picardie<\/a><\/strong> Juin 2015 \/ <strong><a href=\"http:\/\/philippechardon.eu\/wp-content\/uploads\/2025\/10\/philippe_chardon.jpg\">Courrier Picard<\/a><\/strong><\/li>\n\n\n\n<li><strong>Vivre l&rsquo;Art <\/strong>(2020) \u00e9dition Le livre d\u2019Art <\/li>\n\n\n\n<li><a href=\"http:\/\/philippechardon.eu\/wp-content\/uploads\/2025\/10\/article_stylistikaw.jpg\"><strong>Styl is Tika<\/strong> chroniques culturelles<\/a><\/li>\n<\/ul>\n\n\n\n<p><\/p>\n","protected":false},"excerpt":{"rendered":"<p>N\u00e9 au Puy en Velay (1968), vit \u00e0 AmiensMaison des Artistes\/ ADAGPSiret 502 948 631 00010 Enfant curieux et imaginatif, j\u2019ai grandi dans un petit village des C\u00e9vennes loin de toute repr\u00e9sentations artistiques. La rencontre \u00e0 18 ans avec une \u0153uvre de Poliakof \u00e0 Londres a \u00e9t\u00e9 d\u00e9terminante : j&rsquo;ai ressenti de l&rsquo;int\u00e9rieur son langage. &#8230; <\/p>\n","protected":false},"author":1,"featured_media":0,"parent":0,"menu_order":0,"comment_status":"closed","ping_status":"closed","template":"","meta":{"footnotes":""},"class_list":["post-342","page","type-page","status-publish","hentry"],"yoast_head":"<!-- This site is optimized with the Yoast SEO plugin v26.1.1 - https:\/\/yoast.com\/wordpress\/plugins\/seo\/ -->\n<title>CV - Philippe Chardon<\/title>\n<meta name=\"robots\" content=\"index, follow, max-snippet:-1, max-image-preview:large, max-video-preview:-1\" \/>\n<link rel=\"canonical\" href=\"https:\/\/philippechardon.eu\/?page_id=342\" \/>\n<meta property=\"og:locale\" content=\"fr_FR\" \/>\n<meta property=\"og:type\" content=\"article\" \/>\n<meta property=\"og:title\" content=\"CV - Philippe Chardon\" \/>\n<meta property=\"og:description\" content=\"N\u00e9 au Puy en Velay (1968), vit \u00e0 AmiensMaison des Artistes\/ ADAGPSiret 502 948 631 00010 Enfant curieux et imaginatif, j\u2019ai grandi dans un petit village des C\u00e9vennes loin de toute repr\u00e9sentations artistiques. La rencontre \u00e0 18 ans avec une \u0153uvre de Poliakof \u00e0 Londres a \u00e9t\u00e9 d\u00e9terminante : j&rsquo;ai ressenti de l&rsquo;int\u00e9rieur son langage. ...\" \/>\n<meta property=\"og:url\" content=\"https:\/\/philippechardon.eu\/?page_id=342\" \/>\n<meta property=\"og:site_name\" content=\"Philippe Chardon\" \/>\n<meta property=\"article:modified_time\" content=\"2025-11-19T18:33:05+00:00\" \/>\n<meta property=\"og:image\" content=\"https:\/\/philippechardon.eu\/wp-content\/uploads\/2025\/11\/4334143042-1.jpg\" \/>\n\t<meta property=\"og:image:width\" content=\"898\" \/>\n\t<meta property=\"og:image:height\" content=\"505\" \/>\n\t<meta property=\"og:image:type\" content=\"image\/jpeg\" \/>\n<meta name=\"twitter:card\" content=\"summary_large_image\" \/>\n<meta name=\"twitter:label1\" content=\"Dur\u00e9e de lecture estim\u00e9e\" \/>\n\t<meta name=\"twitter:data1\" content=\"4 minutes\" \/>\n<script type=\"application\/ld+json\" class=\"yoast-schema-graph\">{\"@context\":\"https:\/\/schema.org\",\"@graph\":[{\"@type\":\"WebPage\",\"@id\":\"https:\/\/philippechardon.eu\/?page_id=342\",\"url\":\"https:\/\/philippechardon.eu\/?page_id=342\",\"name\":\"CV - Philippe Chardon\",\"isPartOf\":{\"@id\":\"https:\/\/philippechardon.eu\/#website\"},\"primaryImageOfPage\":{\"@id\":\"https:\/\/philippechardon.eu\/?page_id=342#primaryimage\"},\"image\":{\"@id\":\"https:\/\/philippechardon.eu\/?page_id=342#primaryimage\"},\"thumbnailUrl\":\"http:\/\/philippechardon.eu\/wp-content\/uploads\/2025\/11\/4334143042-1.jpg\",\"datePublished\":\"2025-10-29T16:31:35+00:00\",\"dateModified\":\"2025-11-19T18:33:05+00:00\",\"breadcrumb\":{\"@id\":\"https:\/\/philippechardon.eu\/?page_id=342#breadcrumb\"},\"inLanguage\":\"fr-FR\",\"potentialAction\":[{\"@type\":\"ReadAction\",\"target\":[\"https:\/\/philippechardon.eu\/?page_id=342\"]}]},{\"@type\":\"ImageObject\",\"inLanguage\":\"fr-FR\",\"@id\":\"https:\/\/philippechardon.eu\/?page_id=342#primaryimage\",\"url\":\"https:\/\/philippechardon.eu\/wp-content\/uploads\/2025\/11\/4334143042-1.jpg\",\"contentUrl\":\"https:\/\/philippechardon.eu\/wp-content\/uploads\/2025\/11\/4334143042-1.jpg\",\"width\":898,\"height\":505,\"caption\":\"exposition Chateau de Thoix-2014\"},{\"@type\":\"BreadcrumbList\",\"@id\":\"https:\/\/philippechardon.eu\/?page_id=342#breadcrumb\",\"itemListElement\":[{\"@type\":\"ListItem\",\"position\":1,\"name\":\"Accueil\",\"item\":\"https:\/\/philippechardon.eu\/\"},{\"@type\":\"ListItem\",\"position\":2,\"name\":\"CV\"}]},{\"@type\":\"WebSite\",\"@id\":\"https:\/\/philippechardon.eu\/#website\",\"url\":\"https:\/\/philippechardon.eu\/\",\"name\":\"Philippe Chardon\",\"description\":\"Artiste Visuel\",\"potentialAction\":[{\"@type\":\"SearchAction\",\"target\":{\"@type\":\"EntryPoint\",\"urlTemplate\":\"https:\/\/philippechardon.eu\/?s={search_term_string}\"},\"query-input\":{\"@type\":\"PropertyValueSpecification\",\"valueRequired\":true,\"valueName\":\"search_term_string\"}}],\"inLanguage\":\"fr-FR\"}]}<\/script>\n<!-- \/ Yoast SEO plugin. -->","yoast_head_json":{"title":"CV - Philippe Chardon","robots":{"index":"index","follow":"follow","max-snippet":"max-snippet:-1","max-image-preview":"max-image-preview:large","max-video-preview":"max-video-preview:-1"},"canonical":"https:\/\/philippechardon.eu\/?page_id=342","og_locale":"fr_FR","og_type":"article","og_title":"CV - Philippe Chardon","og_description":"N\u00e9 au Puy en Velay (1968), vit \u00e0 AmiensMaison des Artistes\/ ADAGPSiret 502 948 631 00010 Enfant curieux et imaginatif, j\u2019ai grandi dans un petit village des C\u00e9vennes loin de toute repr\u00e9sentations artistiques. La rencontre \u00e0 18 ans avec une \u0153uvre de Poliakof \u00e0 Londres a \u00e9t\u00e9 d\u00e9terminante : j&rsquo;ai ressenti de l&rsquo;int\u00e9rieur son langage. ...","og_url":"https:\/\/philippechardon.eu\/?page_id=342","og_site_name":"Philippe Chardon","article_modified_time":"2025-11-19T18:33:05+00:00","og_image":[{"width":898,"height":505,"url":"https:\/\/philippechardon.eu\/wp-content\/uploads\/2025\/11\/4334143042-1.jpg","type":"image\/jpeg"}],"twitter_card":"summary_large_image","twitter_misc":{"Dur\u00e9e de lecture estim\u00e9e":"4 minutes"},"schema":{"@context":"https:\/\/schema.org","@graph":[{"@type":"WebPage","@id":"https:\/\/philippechardon.eu\/?page_id=342","url":"https:\/\/philippechardon.eu\/?page_id=342","name":"CV - Philippe Chardon","isPartOf":{"@id":"https:\/\/philippechardon.eu\/#website"},"primaryImageOfPage":{"@id":"https:\/\/philippechardon.eu\/?page_id=342#primaryimage"},"image":{"@id":"https:\/\/philippechardon.eu\/?page_id=342#primaryimage"},"thumbnailUrl":"http:\/\/philippechardon.eu\/wp-content\/uploads\/2025\/11\/4334143042-1.jpg","datePublished":"2025-10-29T16:31:35+00:00","dateModified":"2025-11-19T18:33:05+00:00","breadcrumb":{"@id":"https:\/\/philippechardon.eu\/?page_id=342#breadcrumb"},"inLanguage":"fr-FR","potentialAction":[{"@type":"ReadAction","target":["https:\/\/philippechardon.eu\/?page_id=342"]}]},{"@type":"ImageObject","inLanguage":"fr-FR","@id":"https:\/\/philippechardon.eu\/?page_id=342#primaryimage","url":"https:\/\/philippechardon.eu\/wp-content\/uploads\/2025\/11\/4334143042-1.jpg","contentUrl":"https:\/\/philippechardon.eu\/wp-content\/uploads\/2025\/11\/4334143042-1.jpg","width":898,"height":505,"caption":"exposition Chateau de Thoix-2014"},{"@type":"BreadcrumbList","@id":"https:\/\/philippechardon.eu\/?page_id=342#breadcrumb","itemListElement":[{"@type":"ListItem","position":1,"name":"Accueil","item":"https:\/\/philippechardon.eu\/"},{"@type":"ListItem","position":2,"name":"CV"}]},{"@type":"WebSite","@id":"https:\/\/philippechardon.eu\/#website","url":"https:\/\/philippechardon.eu\/","name":"Philippe Chardon","description":"Artiste Visuel","potentialAction":[{"@type":"SearchAction","target":{"@type":"EntryPoint","urlTemplate":"https:\/\/philippechardon.eu\/?s={search_term_string}"},"query-input":{"@type":"PropertyValueSpecification","valueRequired":true,"valueName":"search_term_string"}}],"inLanguage":"fr-FR"}]}},"_links":{"self":[{"href":"https:\/\/philippechardon.eu\/index.php?rest_route=\/wp\/v2\/pages\/342","targetHints":{"allow":["GET"]}}],"collection":[{"href":"https:\/\/philippechardon.eu\/index.php?rest_route=\/wp\/v2\/pages"}],"about":[{"href":"https:\/\/philippechardon.eu\/index.php?rest_route=\/wp\/v2\/types\/page"}],"author":[{"embeddable":true,"href":"https:\/\/philippechardon.eu\/index.php?rest_route=\/wp\/v2\/users\/1"}],"replies":[{"embeddable":true,"href":"https:\/\/philippechardon.eu\/index.php?rest_route=%2Fwp%2Fv2%2Fcomments&post=342"}],"version-history":[{"count":49,"href":"https:\/\/philippechardon.eu\/index.php?rest_route=\/wp\/v2\/pages\/342\/revisions"}],"predecessor-version":[{"id":549,"href":"https:\/\/philippechardon.eu\/index.php?rest_route=\/wp\/v2\/pages\/342\/revisions\/549"}],"wp:attachment":[{"href":"https:\/\/philippechardon.eu\/index.php?rest_route=%2Fwp%2Fv2%2Fmedia&parent=342"}],"curies":[{"name":"wp","href":"https:\/\/api.w.org\/{rel}","templated":true}]}}